{"id":254,"date":"2016-06-13T14:09:27","date_gmt":"2016-06-13T12:09:27","guid":{"rendered":"http:\/\/www.sv-hildburg.de\/?page_id=254"},"modified":"2025-08-02T10:18:14","modified_gmt":"2025-08-02T08:18:14","slug":"tennis","status":"publish","type":"page","link":"https:\/\/www.sv-hildburg.de\/?page_id=254","title":{"rendered":"Tennis"},"content":{"rendered":"\n<p>Seit&nbsp;2015 besteht eine Kooperation zwischen dem SV Bildburg und dem&nbsp;TC Bad Marienberg. Dadurch kann der SV Hildburg Interessierten sowohl die Teilnahme am Meisterschaftsspielbetrieb erm\u00f6glichen oder aber auch Freizeitspielern die einfach nur Lust haben diesen sch\u00f6nen Sport zu betreiben. Alle Infos dazu unter dem Men\u00fcpunkt Mitgliedschaften.<\/p>\n\n\n\n<figure class=\"wp-block-image size-large\"><a href=\"https:\/\/www.sv-hildburg.de\/wp-content\/uploads\/2019\/04\/IMG_6292.jpg\"><img loading=\"lazy\" decoding=\"async\" width=\"1024\" height=\"768\" src=\"https:\/\/www.sv-hildburg.de\/wp-content\/uploads\/2019\/04\/IMG_6292-1024x768.jpg\" alt=\"\" class=\"wp-image-397\" srcset=\"https:\/\/www.sv-hildburg.de\/wp-content\/uploads\/2019\/04\/IMG_6292-1024x768.jpg 1024w, https:\/\/www.sv-hildburg.de\/wp-content\/uploads\/2019\/04\/IMG_6292-300x225.jpg 300w, https:\/\/www.sv-hildburg.de\/wp-content\/uploads\/2019\/04\/IMG_6292-768x576.jpg 768w, https:\/\/www.sv-hildburg.de\/wp-content\/uploads\/2019\/04\/IMG_6292-400x300.jpg 400w\" sizes=\"auto, (max-width: 1024px) 100vw, 1024px\" \/><\/a><\/figure>\n\n\n\n<p>Alle Infos zum TC Bad Marienberg gibt es unter: <a href=\"http:\/\/www.tc-bad-marienberg.de\">http:\/\/www.tc-bad-marienberg.de<\/a>.<\/p>\n\n\n\n<p><strong>Ansprechpartner SV Hildburg<\/strong><\/p>\n\n\n\n<p><strong>Andreas Hoffmann<\/strong><\/p>\n\n\n\n<p><strong>email: andreas.hoffmann@sv-hildburg.de<\/strong><\/p>\n\n\n\n<p><strong>Tel.: 0151 &#8211; 18434613<\/strong><\/p>\n\n\n\n<p>&nbsp;<\/p>\n\n\n\n<p><\/p>\n","protected":false},"excerpt":{"rendered":"<p>Seit&nbsp;2015 besteht eine Kooperation zwischen dem SV Bildburg und dem&nbsp;TC Bad Marienberg. Dadurch kann der SV Hildburg Interessierten sowohl die Teilnahme am Meisterschaftsspielbetrieb erm\u00f6glichen oder aber auch Freizeitspielern die einfach nur Lust haben diesen sch\u00f6nen Sport zu betreiben. Alle Infos &hellip; <a href=\"https:\/\/www.sv-hildburg.de\/?page_id=254\">Weiterlesen <span class=\"meta-nav\">&rarr;<\/span><\/a><\/p>\n","protected":false},"author":1,"featured_media":397,"parent":0,"menu_order":0,"comment_status":"closed","ping_status":"closed","template":"","meta":{"footnotes":""},"class_list":["post-254","page","type-page","status-publish","has-post-thumbnail","hentry"],"_links":{"self":[{"href":"https:\/\/www.sv-hildburg.de\/index.php?rest_route=\/wp\/v2\/pages\/254","targetHints":{"allow":["GET"]}}],"collection":[{"href":"https:\/\/www.sv-hildburg.de\/index.php?rest_route=\/wp\/v2\/pages"}],"about":[{"href":"https:\/\/www.sv-hildburg.de\/index.php?rest_route=\/wp\/v2\/types\/page"}],"author":[{"embeddable":true,"href":"https:\/\/www.sv-hildburg.de\/index.php?rest_route=\/wp\/v2\/users\/1"}],"replies":[{"embeddable":true,"href":"https:\/\/www.sv-hildburg.de\/index.php?rest_route=%2Fwp%2Fv2%2Fcomments&post=254"}],"version-history":[{"count":4,"href":"https:\/\/www.sv-hildburg.de\/index.php?rest_route=\/wp\/v2\/pages\/254\/revisions"}],"predecessor-version":[{"id":593,"href":"https:\/\/www.sv-hildburg.de\/index.php?rest_route=\/wp\/v2\/pages\/254\/revisions\/593"}],"wp:featuredmedia":[{"embeddable":true,"href":"https:\/\/www.sv-hildburg.de\/index.php?rest_route=\/wp\/v2\/media\/397"}],"wp:attachment":[{"href":"https:\/\/www.sv-hildburg.de\/index.php?rest_route=%2Fwp%2Fv2%2Fmedia&parent=254"}],"curies":[{"name":"wp","href":"https:\/\/api.w.org\/{rel}","templated":true}]}}