{"id":258,"date":"2023-02-06T10:36:08","date_gmt":"2023-02-06T08:36:08","guid":{"rendered":"http:\/\/www.sv-hildburg.de\/?page_id=258"},"modified":"2024-01-08T08:32:39","modified_gmt":"2024-01-08T06:32:39","slug":"mitgliedschaft","status":"publish","type":"page","link":"https:\/\/www.sv-hildburg.de\/?page_id=258","title":{"rendered":"Mitgliedschaft"},"content":{"rendered":"<p>Jeder der dem Verein und der Tennisabteilung beitreten m\u00f6chte der kann\u00a0hier den Aufnahmetr\u00e4g f\u00fcr den SV Hildburg und f\u00fcr die Tennisabteilung herunterladen:<\/p>\n<p><a href=\"https:\/\/www.sv-hildburg.de\/wp-content\/uploads\/2021\/09\/Anmeldeformular_SVH_Neu.pdf\">Mitgliedsantrag SV Hildburg Elkenroth <\/a><\/p>\n<p><a href=\"https:\/\/www.sv-hildburg.de\/wp-content\/uploads\/2016\/06\/Tennis_SVH.pdf\">Mitgliedsantrag Tennis-Abteilung\u00a0<\/a><\/p>\n<p>Beide Antr\u00e4ge bitte dann\u00a0ausgef\u00fcllt und unterschrieben abgeben oder dann per email an:<\/p>\n<p><strong>Ansprechpartner:<br \/>\n<\/strong>Andreas Hoffmann<br \/>\nBergstrasse 10, 57578 Elkenroth<br \/>\nandreas.hoffmann@sv-hildburg.de<\/p>\n<h1>F\u00fcr alle Mitglieder des SV Hildburg<\/h1>\n<p>Wer Mitglied in der Tennisabteilung des SV Hildburg Elkenroth werde m\u00f6chten der kann sich den Aufnahmeantrag hier herunterladen und ausf\u00fcllen:\u00a0<a href=\"https:\/\/www.sv-hildburg.de\/wp-content\/uploads\/2016\/06\/Tennis_SVH.pdf\">Tennis_SVH.pdf<\/a><\/p>\n<p>Den ausgef\u00fcllten und unterschriebenen Antrag dann bitte bei Andreas Hoffmann abgeben oder per email senden (s.o.).<\/p>\n","protected":false},"excerpt":{"rendered":"<p>Jeder der dem Verein und der Tennisabteilung beitreten m\u00f6chte der kann\u00a0hier den Aufnahmetr\u00e4g f\u00fcr den SV Hildburg und f\u00fcr die Tennisabteilung herunterladen: Mitgliedsantrag SV Hildburg Elkenroth Mitgliedsantrag Tennis-Abteilung\u00a0 Beide Antr\u00e4ge bitte dann\u00a0ausgef\u00fcllt und unterschrieben abgeben oder dann per email an: &hellip; <a href=\"https:\/\/www.sv-hildburg.de\/?page_id=258\">Weiterlesen <span class=\"meta-nav\">&rarr;<\/span><\/a><\/p>\n","protected":false},"author":1,"featured_media":0,"parent":254,"menu_order":0,"comment_status":"closed","ping_status":"closed","template":"","meta":{"footnotes":""},"class_list":["post-258","page","type-page","status-publish","hentry"],"_links":{"self":[{"href":"https:\/\/www.sv-hildburg.de\/index.php?rest_route=\/wp\/v2\/pages\/258","targetHints":{"allow":["GET"]}}],"collection":[{"href":"https:\/\/www.sv-hildburg.de\/index.php?rest_route=\/wp\/v2\/pages"}],"about":[{"href":"https:\/\/www.sv-hildburg.de\/index.php?rest_route=\/wp\/v2\/types\/page"}],"author":[{"embeddable":true,"href":"https:\/\/www.sv-hildburg.de\/index.php?rest_route=\/wp\/v2\/users\/1"}],"replies":[{"embeddable":true,"href":"https:\/\/www.sv-hildburg.de\/index.php?rest_route=%2Fwp%2Fv2%2Fcomments&post=258"}],"version-history":[{"count":9,"href":"https:\/\/www.sv-hildburg.de\/index.php?rest_route=\/wp\/v2\/pages\/258\/revisions"}],"predecessor-version":[{"id":570,"href":"https:\/\/www.sv-hildburg.de\/index.php?rest_route=\/wp\/v2\/pages\/258\/revisions\/570"}],"up":[{"embeddable":true,"href":"https:\/\/www.sv-hildburg.de\/index.php?rest_route=\/wp\/v2\/pages\/254"}],"wp:attachment":[{"href":"https:\/\/www.sv-hildburg.de\/index.php?rest_route=%2Fwp%2Fv2%2Fmedia&parent=258"}],"curies":[{"name":"wp","href":"https:\/\/api.w.org\/{rel}","templated":true}]}}