{"id":494,"date":"2021-11-22T14:15:10","date_gmt":"2021-11-22T12:15:10","guid":{"rendered":"http:\/\/www.sv-hildburg.de\/?page_id=494"},"modified":"2025-08-02T09:47:55","modified_gmt":"2025-08-02T07:47:55","slug":"vorstand","status":"publish","type":"page","link":"https:\/\/www.sv-hildburg.de\/?page_id=494","title":{"rendered":"Vorstand"},"content":{"rendered":"\n<ol class=\"wp-block-list\">\n<li>Vorsitzender Sebastian Hahmann(Sebastian.hahmann@sv-hildburg.de)<\/li>\n\n\n\n<li>Vorsitzender Dr.-Ing. Andreas Hoffmann (Andreas.hoffmann@sv-hildburg.de)<\/li>\n\n\n\n<li>Vorsitzender Philip Mies (Philip.mies@sv-hildburg.de)<\/li>\n<\/ol>\n\n\n\n<p>Kassierer Jonas Mockenhaupt (Jonas.mockenhaupt@sv-hildburg.de)<br>stellv. Kassierer Noah Brenner (noah.brenner@sv-hildburg.de)<\/p>\n\n\n\n<p>Fussballobmann und Ehrenamtsbeauftragten Friedel Wisser<br>Fussball Abteilungsleiter Mirko Vanderliek (Mirko.vanderliek@sv-hildburg.de)<\/p>\n\n\n\n<p>Gesch\u00e4ftsf\u00fchrer Felix Hammer (Felix.hammer@sv-hildburg.de)<br>stellv. Gesch\u00e4ftsf\u00fchrer Niklas Mies (niklas.mies@sv-hildburg.de)<\/p>\n\n\n\n<p>Jugendleiter Nick Weib (Nick.weib@sv-hildburg.de)<\/p>\n\n\n\n<p>Beisitzerin Ilona Solbach (Ilona.solbach@sv-hildburg.de)<\/p>\n\n\n\n<p><\/p>\n\n\n\n<p><\/p>\n\n\n\n<p><\/p>\n","protected":false},"excerpt":{"rendered":"<p>Kassierer Jonas Mockenhaupt (Jonas.mockenhaupt@sv-hildburg.de)stellv. Kassierer Noah Brenner (noah.brenner@sv-hildburg.de) Fussballobmann und Ehrenamtsbeauftragten Friedel WisserFussball Abteilungsleiter Mirko Vanderliek (Mirko.vanderliek@sv-hildburg.de) Gesch\u00e4ftsf\u00fchrer Felix Hammer (Felix.hammer@sv-hildburg.de)stellv. Gesch\u00e4ftsf\u00fchrer Niklas Mies (niklas.mies@sv-hildburg.de) Jugendleiter Nick Weib (Nick.weib@sv-hildburg.de) Beisitzerin Ilona Solbach (Ilona.solbach@sv-hildburg.de)<\/p>\n","protected":false},"author":1,"featured_media":0,"parent":0,"menu_order":0,"comment_status":"closed","ping_status":"closed","template":"","meta":{"footnotes":""},"class_list":["post-494","page","type-page","status-publish","hentry"],"_links":{"self":[{"href":"https:\/\/www.sv-hildburg.de\/index.php?rest_route=\/wp\/v2\/pages\/494","targetHints":{"allow":["GET"]}}],"collection":[{"href":"https:\/\/www.sv-hildburg.de\/index.php?rest_route=\/wp\/v2\/pages"}],"about":[{"href":"https:\/\/www.sv-hildburg.de\/index.php?rest_route=\/wp\/v2\/types\/page"}],"author":[{"embeddable":true,"href":"https:\/\/www.sv-hildburg.de\/index.php?rest_route=\/wp\/v2\/users\/1"}],"replies":[{"embeddable":true,"href":"https:\/\/www.sv-hildburg.de\/index.php?rest_route=%2Fwp%2Fv2%2Fcomments&post=494"}],"version-history":[{"count":2,"href":"https:\/\/www.sv-hildburg.de\/index.php?rest_route=\/wp\/v2\/pages\/494\/revisions"}],"predecessor-version":[{"id":590,"href":"https:\/\/www.sv-hildburg.de\/index.php?rest_route=\/wp\/v2\/pages\/494\/revisions\/590"}],"wp:attachment":[{"href":"https:\/\/www.sv-hildburg.de\/index.php?rest_route=%2Fwp%2Fv2%2Fmedia&parent=494"}],"curies":[{"name":"wp","href":"https:\/\/api.w.org\/{rel}","templated":true}]}}