{"id":591,"date":"2025-08-02T10:15:01","date_gmt":"2025-08-02T08:15:01","guid":{"rendered":"https:\/\/www.sv-hildburg.de\/?page_id=591"},"modified":"2025-08-02T10:32:07","modified_gmt":"2025-08-02T08:32:07","slug":"sportlerheim","status":"publish","type":"page","link":"https:\/\/www.sv-hildburg.de\/?page_id=591","title":{"rendered":"Sportlerheim"},"content":{"rendered":"\n<p>Unser Sportlerheim bietet f\u00fcr ca. 60-70 Personen Platz und kann f\u00fcr Feierlichkeiten gemietet werden. Das Sportlerheim ist mit einer K\u00fcche und einer Theke ausgestattet. <\/p>\n\n\n\n<p>Weitere Informationen erhalten Sie bei Martina Mockenhaupt unter 0160\/2417256.<\/p>\n\n\n\n<figure class=\"wp-block-gallery has-nested-images columns-default is-cropped wp-block-gallery-1 is-layout-flex wp-block-gallery-is-layout-flex\">\n<figure class=\"wp-block-image size-large\"><a href=\"https:\/\/www.sv-hildburg.de\/wp-content\/uploads\/2025\/08\/DSC_2335-scaled.jpg\"><img loading=\"lazy\" decoding=\"async\" width=\"683\" height=\"1024\" data-id=\"596\" src=\"https:\/\/www.sv-hildburg.de\/wp-content\/uploads\/2025\/08\/DSC_2335-683x1024.jpg\" alt=\"\" class=\"wp-image-596\" srcset=\"https:\/\/www.sv-hildburg.de\/wp-content\/uploads\/2025\/08\/DSC_2335-683x1024.jpg 683w, https:\/\/www.sv-hildburg.de\/wp-content\/uploads\/2025\/08\/DSC_2335-200x300.jpg 200w, https:\/\/www.sv-hildburg.de\/wp-content\/uploads\/2025\/08\/DSC_2335-768x1152.jpg 768w, https:\/\/www.sv-hildburg.de\/wp-content\/uploads\/2025\/08\/DSC_2335-1024x1536.jpg 1024w, https:\/\/www.sv-hildburg.de\/wp-content\/uploads\/2025\/08\/DSC_2335-1365x2048.jpg 1365w, https:\/\/www.sv-hildburg.de\/wp-content\/uploads\/2025\/08\/DSC_2335-scaled.jpg 1707w\" sizes=\"auto, (max-width: 683px) 100vw, 683px\" \/><\/a><figcaption class=\"wp-element-caption\">Gastraum<\/figcaption><\/figure>\n\n\n\n<figure class=\"wp-block-image size-large\"><a href=\"https:\/\/www.sv-hildburg.de\/wp-content\/uploads\/2025\/08\/DSC_2336-scaled.jpg\"><img loading=\"lazy\" decoding=\"async\" width=\"1024\" height=\"683\" data-id=\"595\" src=\"https:\/\/www.sv-hildburg.de\/wp-content\/uploads\/2025\/08\/DSC_2336-1024x683.jpg\" alt=\"\" class=\"wp-image-595\" srcset=\"https:\/\/www.sv-hildburg.de\/wp-content\/uploads\/2025\/08\/DSC_2336-1024x683.jpg 1024w, https:\/\/www.sv-hildburg.de\/wp-content\/uploads\/2025\/08\/DSC_2336-300x200.jpg 300w, https:\/\/www.sv-hildburg.de\/wp-content\/uploads\/2025\/08\/DSC_2336-768x512.jpg 768w, https:\/\/www.sv-hildburg.de\/wp-content\/uploads\/2025\/08\/DSC_2336-1536x1024.jpg 1536w, https:\/\/www.sv-hildburg.de\/wp-content\/uploads\/2025\/08\/DSC_2336-2048x1365.jpg 2048w, https:\/\/www.sv-hildburg.de\/wp-content\/uploads\/2025\/08\/DSC_2336-450x300.jpg 450w\" sizes=\"auto, (max-width: 1024px) 100vw, 1024px\" \/><\/a><figcaption class=\"wp-element-caption\">Au\u00dfenansicht<\/figcaption><\/figure>\n\n\n\n<figure class=\"wp-block-image size-large\"><a href=\"https:\/\/www.sv-hildburg.de\/wp-content\/uploads\/2025\/08\/DSC_2313-scaled.jpg\"><img loading=\"lazy\" decoding=\"async\" width=\"1024\" height=\"683\" data-id=\"594\" src=\"https:\/\/www.sv-hildburg.de\/wp-content\/uploads\/2025\/08\/DSC_2313-1024x683.jpg\" alt=\"\" class=\"wp-image-594\" srcset=\"https:\/\/www.sv-hildburg.de\/wp-content\/uploads\/2025\/08\/DSC_2313-1024x683.jpg 1024w, https:\/\/www.sv-hildburg.de\/wp-content\/uploads\/2025\/08\/DSC_2313-300x200.jpg 300w, https:\/\/www.sv-hildburg.de\/wp-content\/uploads\/2025\/08\/DSC_2313-768x512.jpg 768w, https:\/\/www.sv-hildburg.de\/wp-content\/uploads\/2025\/08\/DSC_2313-1536x1024.jpg 1536w, https:\/\/www.sv-hildburg.de\/wp-content\/uploads\/2025\/08\/DSC_2313-2048x1365.jpg 2048w, https:\/\/www.sv-hildburg.de\/wp-content\/uploads\/2025\/08\/DSC_2313-450x300.jpg 450w\" sizes=\"auto, (max-width: 1024px) 100vw, 1024px\" \/><\/a><figcaption class=\"wp-element-caption\">Theke<\/figcaption><\/figure>\n\n\n\n<figure class=\"wp-block-image size-large\"><a href=\"https:\/\/www.sv-hildburg.de\/wp-content\/uploads\/2013\/10\/cropped-944544_606419166057413_1660593983_n.jpg\"><img loading=\"lazy\" decoding=\"async\" width=\"1000\" height=\"287\" data-id=\"12\" src=\"https:\/\/www.sv-hildburg.de\/wp-content\/uploads\/2013\/10\/cropped-944544_606419166057413_1660593983_n.jpg\" alt=\"\" class=\"wp-image-12\" srcset=\"https:\/\/www.sv-hildburg.de\/wp-content\/uploads\/2013\/10\/cropped-944544_606419166057413_1660593983_n.jpg 1000w, https:\/\/www.sv-hildburg.de\/wp-content\/uploads\/2013\/10\/cropped-944544_606419166057413_1660593983_n-300x86.jpg 300w, https:\/\/www.sv-hildburg.de\/wp-content\/uploads\/2013\/10\/cropped-944544_606419166057413_1660593983_n-500x143.jpg 500w\" sizes=\"auto, (max-width: 1000px) 100vw, 1000px\" \/><\/a><figcaption class=\"wp-element-caption\">Sportgel\u00e4nde<\/figcaption><\/figure>\n\n\n\n<figure class=\"wp-block-image size-large\"><a href=\"https:\/\/www.sv-hildburg.de\/wp-content\/uploads\/2025\/08\/DSC_2308-scaled.jpg\"><img loading=\"lazy\" decoding=\"async\" width=\"683\" height=\"1024\" data-id=\"600\" src=\"https:\/\/www.sv-hildburg.de\/wp-content\/uploads\/2025\/08\/DSC_2308-683x1024.jpg\" alt=\"\" class=\"wp-image-600\" srcset=\"https:\/\/www.sv-hildburg.de\/wp-content\/uploads\/2025\/08\/DSC_2308-683x1024.jpg 683w, https:\/\/www.sv-hildburg.de\/wp-content\/uploads\/2025\/08\/DSC_2308-200x300.jpg 200w, https:\/\/www.sv-hildburg.de\/wp-content\/uploads\/2025\/08\/DSC_2308-768x1152.jpg 768w, https:\/\/www.sv-hildburg.de\/wp-content\/uploads\/2025\/08\/DSC_2308-1024x1536.jpg 1024w, https:\/\/www.sv-hildburg.de\/wp-content\/uploads\/2025\/08\/DSC_2308-1365x2048.jpg 1365w, https:\/\/www.sv-hildburg.de\/wp-content\/uploads\/2025\/08\/DSC_2308-scaled.jpg 1707w\" sizes=\"auto, (max-width: 683px) 100vw, 683px\" \/><\/a><figcaption class=\"wp-element-caption\">K\u00fcche<\/figcaption><\/figure>\n<\/figure>\n","protected":false},"excerpt":{"rendered":"<p>Unser Sportlerheim bietet f\u00fcr ca. 60-70 Personen Platz und kann f\u00fcr Feierlichkeiten gemietet werden. Das Sportlerheim ist mit einer K\u00fcche und einer Theke ausgestattet. Weitere Informationen erhalten Sie bei Martina Mockenhaupt unter 0160\/2417256.<\/p>\n","protected":false},"author":1,"featured_media":0,"parent":0,"menu_order":0,"comment_status":"closed","ping_status":"closed","template":"","meta":{"footnotes":""},"class_list":["post-591","page","type-page","status-publish","hentry"],"_links":{"self":[{"href":"https:\/\/www.sv-hildburg.de\/index.php?rest_route=\/wp\/v2\/pages\/591","targetHints":{"allow":["GET"]}}],"collection":[{"href":"https:\/\/www.sv-hildburg.de\/index.php?rest_route=\/wp\/v2\/pages"}],"about":[{"href":"https:\/\/www.sv-hildburg.de\/index.php?rest_route=\/wp\/v2\/types\/page"}],"author":[{"embeddable":true,"href":"https:\/\/www.sv-hildburg.de\/index.php?rest_route=\/wp\/v2\/users\/1"}],"replies":[{"embeddable":true,"href":"https:\/\/www.sv-hildburg.de\/index.php?rest_route=%2Fwp%2Fv2%2Fcomments&post=591"}],"version-history":[{"count":4,"href":"https:\/\/www.sv-hildburg.de\/index.php?rest_route=\/wp\/v2\/pages\/591\/revisions"}],"predecessor-version":[{"id":603,"href":"https:\/\/www.sv-hildburg.de\/index.php?rest_route=\/wp\/v2\/pages\/591\/revisions\/603"}],"wp:attachment":[{"href":"https:\/\/www.sv-hildburg.de\/index.php?rest_route=%2Fwp%2Fv2%2Fmedia&parent=591"}],"curies":[{"name":"wp","href":"https:\/\/api.w.org\/{rel}","templated":true}]}}